{"id":34803,"date":"2026-03-29T21:57:02","date_gmt":"2026-03-29T21:57:02","guid":{"rendered":"https:\/\/fannarakwt.com\/?post_type=product&#038;p=34803"},"modified":"2026-03-29T21:57:02","modified_gmt":"2026-03-29T21:57:02","slug":"%d8%b3%d9%88%d9%82-%d9%88%d8%a7%d9%82%d9%81-%d9%82%d9%84%d8%a8-%d8%a7%d9%84%d8%af%d9%88%d8%ad%d8%a9-%d8%a7%d9%84%d9%86%d8%a7%d8%a8%d8%b6-souq-waqif-the-beating-heart-of-old-doha","status":"publish","type":"product","link":"https:\/\/fannarakwt.com\/en\/product\/%d8%b3%d9%88%d9%82-%d9%88%d8%a7%d9%82%d9%81-%d9%82%d9%84%d8%a8-%d8%a7%d9%84%d8%af%d9%88%d8%ad%d8%a9-%d8%a7%d9%84%d9%86%d8%a7%d8%a8%d8%b6-souq-waqif-the-beating-heart-of-old-doha\/","title":{"rendered":"\u0633\u0648\u0642 \u0648\u0627\u0642\u0641\u2026 \u0642\u0644\u0628 \u0627\u0644\u062f\u0648\u062d\u0629 \u0627\u0644\u0646\u0627\u0628\u0636 \u2013 Souq Waqif: The Beating Heart of Old Doha"},"content":{"rendered":"<p>\u0644\u0648\u062d\u0629 \u0641\u0646\u064a\u0629 \u0631\u0642\u0645\u064a\u0629 \u0639\u0627\u0644\u064a\u0629 \u0627\u0644\u062c\u0648\u062f\u0629 \u0642\u0627\u0628\u0644\u0629 \u0644\u0644\u0637\u0628\u0627\u0639\u0629 (JPG \u200e90\u00d760 cm \u2013 300 DPI High Resolution) \u062a\u064f\u062c\u0633\u0651\u062f \u0645\u0634\u0647\u062f\u064b\u0627 \u062d\u064a\u0651\u064b\u0627 \u0645\u0646 \u0633\u0648\u0642 \u0648\u0627\u0642\u0641 \u0641\u064a \u0627\u0644\u062f\u0648\u062d\u0629 \u0628\u0623\u0633\u0644\u0648\u0628 <span class=\"notion-enable-hover\" data-token-index=\"1\">Digital Realistic Restoration Art<\/span> \u0645\u0633\u062a\u0648\u062d\u0649 \u0645\u0646 <span class=\"notion-enable-hover\" data-token-index=\"3\">Public Historical &amp; Cultural Archives<\/span>\u060c \u062d\u064a\u062b \u062a\u0645\u062a \u0625\u0639\u0627\u062f\u0629 \u0625\u062d\u064a\u0627\u0621 \u062a\u0641\u0627\u0635\u064a\u0644 \u0627\u0644\u0633\u0648\u0642 \u0627\u0644\u0639\u0631\u064a\u0642 \u0639\u0628\u0631 \u062a\u0642\u0646\u064a\u0627\u062a <span class=\"notion-enable-hover\" data-token-index=\"5\">AI-Powered Image Reconstruction<\/span> \u0648 <span class=\"notion-enable-hover\" data-token-index=\"7\">Advanced Digital Enhancement<\/span> \u0644\u0625\u0628\u0631\u0627\u0632 \u0631\u0648\u062d <span class=\"notion-enable-hover\" data-token-index=\"9\">Qatar Traditional Market Architecture<\/span> \u0636\u0645\u0646 \u0645\u0639\u0627\u0644\u062c\u0629 \u0641\u0646\u064a\u0629 \u0645\u0639\u0627\u0635\u0631\u0629. \u064a\u0638\u0647\u0631 \u0627\u0644\u0633\u0648\u0642 \u0628\u0623\u0631\u0648\u0642\u062a\u0647 \u0627\u0644\u062d\u062c\u0631\u064a\u0629\u060c \u0646\u0648\u0627\u0641\u0630\u0647 \u0627\u0644\u062e\u0634\u0628\u064a\u0629 \u0627\u0644\u0645\u0632\u062e\u0631\u0641\u0629\u060c \u0648\u0627\u0644\u0645\u0645\u0631\u0627\u062a \u0627\u0644\u0636\u064a\u0642\u0629 \u0627\u0644\u0645\u0636\u064a\u0626\u0629 \u0628\u0641\u0648\u0627\u0646\u064a\u0633 \u062f\u0627\u0641\u0626\u0629 \u0641\u064a \u062a\u0643\u0648\u064a\u0646 <span class=\"notion-enable-hover\" data-token-index=\"11\">Cinematic Street Perspective Composition<\/span> \u064a\u0639\u0643\u0633 \u0623\u0635\u0627\u0644\u0629 <span class=\"notion-enable-hover\" data-token-index=\"13\">Authentic Arabian Marketplace Atmosphere<\/span>. \u062a\u062a\u0646\u0627\u062b\u0631 \u0627\u0644\u0628\u0636\u0627\u0626\u0639 \u0627\u0644\u062a\u0642\u0644\u064a\u062f\u064a\u0629 \u2014 \u0627\u0644\u062a\u0648\u0627\u0628\u0644\u060c \u0627\u0644\u0623\u0642\u0645\u0634\u0629\u060c \u0627\u0644\u0645\u0635\u0646\u0648\u0639\u0627\u062a \u0627\u0644\u064a\u062f\u0648\u064a\u0629 \u2014 \u0641\u064a \u0645\u0634\u0647\u062f \u064a\u0639\u0643\u0633 <span class=\"notion-enable-hover\" data-token-index=\"15\">Doha Cultural Heritage Lifestyle Scene<\/span> \u0648\u064a\u0645\u0646\u062d \u0627\u0644\u0644\u0648\u062d\u0629 \u0637\u0627\u0628\u0639 <span class=\"notion-enable-hover\" data-token-index=\"17\">Vintage Gulf Urban Aesthetic<\/span> \u063a\u0646\u064a \u0628\u0627\u0644\u062a\u0641\u0627\u0635\u064a\u0644. \u0627\u0644\u0645\u0639\u0627\u0644\u062c\u0629 \u0627\u0644\u0644\u0648\u0646\u064a\u0629 \u062a\u0639\u062a\u0645\u062f \u0639\u0644\u0649 <span class=\"notion-enable-hover\" data-token-index=\"19\">Golden Warm Ambient Lighting Effect<\/span> \u0645\u0639 \u0625\u0628\u0631\u0627\u0632 \u062e\u0627\u0645\u0627\u062a \u0627\u0644\u062c\u062f\u0631\u0627\u0646 \u0648\u0627\u0644\u0623\u0633\u0637\u062d \u0628\u0623\u0633\u0644\u0648\u0628 <span class=\"notion-enable-hover\" data-token-index=\"21\">High-Detail Texture Rendering<\/span> \u064a\u0645\u0646\u062d \u0627\u0644\u0639\u0645\u0644 \u0625\u062d\u0633\u0627\u0633\u064b\u0627 \u0642\u0631\u064a\u0628\u064b\u0627 \u0645\u0646 <span class=\"notion-enable-hover\" data-token-index=\"23\">Handcrafted Fine Art Illustration<\/span>. \u0641\u064a \u0627\u0644\u062e\u0644\u0641\u064a\u0629 \u062a\u0644\u0648\u062d \u0645\u0644\u0627\u0645\u062d \u0627\u0644\u0645\u062f\u064a\u0646\u0629 \u0627\u0644\u062d\u062f\u064a\u062b\u0629\u060c \u0641\u064a \u062a\u0628\u0627\u064a\u0646 \u0628\u0635\u0631\u064a \u064a\u0639\u0643\u0633 \u0645\u0641\u0647\u0648\u0645 <span class=\"notion-enable-hover\" data-token-index=\"25\">Old &amp; Modern Doha Fusion Identity<\/span>, \u0645\u0645\u0627 \u064a\u062c\u0639\u0644 \u0627\u0644\u0639\u0645\u0644 \u0642\u0637\u0639\u0629 \u0645\u0645\u064a\u0632\u0629 \u0645\u0646 \u0641\u0626\u0629 <span class=\"notion-enable-hover\" data-token-index=\"27\">Luxury Middle Eastern Heritage Wall Art<\/span>. \u062a\u0645 \u062a\u0646\u0641\u064a\u0630 \u0627\u0644\u0644\u0648\u062d\u0629 \u0628\u0623\u0633\u0644\u0648\u0628 <span class=\"notion-enable-hover\" data-token-index=\"29\">AI-Assisted Digital Painting<\/span> \u064a\u062c\u0645\u0639 \u0628\u064a\u0646 <span class=\"notion-enable-hover\" data-token-index=\"31\">Historical Reconstruction Art<\/span> \u0648 <span class=\"notion-enable-hover\" data-token-index=\"33\">Museum-Style Archival Revival Finish<\/span>. \u0648\u0628\u0633\u0628\u0628 \u0627\u0633\u062a\u062e\u062f\u0627\u0645 \u062a\u0642\u0646\u064a\u0627\u062a <span class=\"notion-enable-hover\" data-token-index=\"35\">AI Restoration Technology<\/span> \u0648 <span class=\"notion-enable-hover\" data-token-index=\"37\">Neural Network Image Enhancement<\/span>, \u0642\u062f \u062a\u0638\u0647\u0631 \u0644\u0645\u0633\u0627\u062a \u0641\u0646\u064a\u0629 \u0637\u0641\u064a\u0641\u0629 \u062c\u062f\u064b\u0627 \u0623\u0648 \u0627\u062e\u062a\u0644\u0627\u0641\u0627\u062a \u062f\u0642\u064a\u0642\u0629 \u0641\u064a \u0628\u0639\u0636 \u0627\u0644\u0645\u0644\u0627\u0645\u062d \u0623\u0648 \u062a\u0641\u0627\u0635\u064a\u0644 \u0627\u0644\u0645\u0634\u0647\u062f\u060c \u0648\u0647\u064a \u062c\u0632\u0621 \u0637\u0628\u064a\u0639\u064a \u0645\u0646 \u0639\u0645\u0644\u064a\u0629 <span class=\"notion-enable-hover\" data-token-index=\"39\">Digital Archival Revival Process<\/span>. \u0647\u0630\u0647 \u0627\u0644\u0644\u0645\u0633\u0627\u062a \u0644\u0627 \u062a\u0624\u062b\u0631 \u0639\u0644\u0649 \u0645\u0635\u062f\u0627\u0642\u064a\u0629 \u0627\u0644\u0633\u0648\u0642 \u0623\u0648 \u0642\u064a\u0645\u062a\u0647 \u0627\u0644\u062a\u0627\u0631\u064a\u062e\u064a\u0629\u060c \u0628\u0644 \u062a\u0636\u064a\u0641 \u0637\u0627\u0628\u0639\u064b\u0627 \u0623\u0642\u0631\u0628 \u0625\u0644\u0649 <span class=\"notion-enable-hover\" data-token-index=\"41\">Digital Brush Interpretation Texture<\/span> \u0636\u0645\u0646 \u0625\u0637\u0627\u0631 \u0645\u0646 <span class=\"notion-enable-hover\" data-token-index=\"43\">Ethical Artistic Transparency<\/span> \u064a\u0639\u0632\u0632 \u0627\u0644\u062b\u0642\u0629 \u0648\u064a\u062d\u0627\u0641\u0638 \u0639\u0644\u0649 \u0627\u0644\u0647\u0648\u064a\u0629 \u0627\u0644\u062a\u0631\u0627\u062b\u064a\u0629. \u0647\u0630\u0627 \u0627\u0644\u0639\u0645\u0644 \u064a\u064f\u0628\u0627\u0639 \u0643\u0645\u0644\u0641 \u0631\u0642\u0645\u064a \u0648\u0627\u062d\u062f \u0639\u0627\u0644\u064a \u0627\u0644\u062c\u0648\u062f\u0629\u060c \u0648\u064a\u0645\u0643\u0646 \u0637\u0628\u0627\u0639\u062a\u0647 \u0628\u0627\u0644\u0642\u064a\u0627\u0633\u0627\u062a \u0627\u0644\u062a\u0627\u0644\u064a\u0629: 90\u00d760 cm 70\u00d750 cm 60\u00d740 cm 45\u00d730 cm \u0628\u0627\u0644\u0625\u0636\u0627\u0641\u0629 \u0625\u0644\u0649 A1 \u2013 A4 \u0643\u0645\u0627 \u064a\u0645\u0643\u0646 \u062a\u0643\u0628\u064a\u0631\u0647 \u0625\u0644\u0649 \u0645\u0642\u0627\u0633\u0627\u062a \u0623\u0643\u0628\u0631 \u0639\u0646\u062f \u0627\u0644\u062d\u0627\u062c\u0629\u060c \u0645\u0639 \u0627\u0646\u062e\u0641\u0627\u0636 \u0637\u0641\u064a\u0641 \u062c\u062f\u064b\u0627 \u0648\u063a\u064a\u0631 \u0645\u0644\u062d\u0648\u0638 \u0641\u064a \u0627\u0644\u062c\u0648\u062f\u0629 \u0628\u0641\u0636\u0644 \u062f\u0642\u0629 <span class=\"notion-enable-hover\" data-token-index=\"45\">High-Resolution Digital Artwork<\/span> \u0627\u0644\u0645\u0646\u0627\u0633\u0628\u0629 \u0644\u0644\u0637\u0628\u0627\u0639\u0629 \u0627\u0644\u062c\u062f\u0627\u0631\u064a\u0629 \u0627\u0644\u0627\u062d\u062a\u0631\u0627\u0641\u064a\u0629. \u0645\u062b\u0627\u0644\u064a\u0629 \u0644\u062a\u0632\u064a\u064a\u0646 \u0627\u0644\u0645\u062c\u0627\u0644\u0633 \u0627\u0644\u0642\u0637\u0631\u064a\u0629\u060c \u0627\u0644\u062f\u064a\u0648\u0627\u0646\u064a\u0627\u062a\u060c \u0627\u0644\u0645\u0643\u0627\u062a\u0628\u060c \u0627\u0644\u0645\u0639\u0627\u0631\u0636 \u0627\u0644\u0641\u0646\u064a\u0629\u060c \u0648\u0645\u0633\u0627\u062d\u0627\u062a \u0627\u0644\u0636\u064a\u0627\u0641\u0629 \u0627\u0644\u062a\u064a \u062a\u0628\u062d\u062b \u0639\u0646 <span class=\"notion-enable-hover\" data-token-index=\"47\">Souq Waqif Doha Wall Art<\/span> \u064a\u062c\u0633\u062f \u0631\u0648\u062d \u0627\u0644\u062a\u0631\u0627\u062b\u060c \u062d\u0631\u0643\u0629 \u0627\u0644\u0623\u0633\u0648\u0627\u0642\u060c \u0648\u0623\u0635\u0627\u0644\u0629 \u0627\u0644\u0647\u0648\u064a\u0629 \u0627\u0644\u0642\u0637\u0631\u064a\u0629 \u0641\u064a \u0644\u0648\u062d\u0629 \u0648\u0627\u062d\u062f\u0629 \u0646\u0627\u0628\u0636\u0629 \u0628\u0627\u0644\u062d\u064a\u0627\u0629. <span class=\"notion-enable-hover\" data-token-index=\"49\">\u062a\u0646\u0628\u064a\u0647: \u0647\u0630\u0627 \u0627\u0644\u0645\u0646\u062a\u062c \u0631\u0642\u0645\u064a \u0641\u0642\u0637. \u0633\u062a\u0633\u062a\u0644\u0645 \u0645\u0644\u0641\u064b\u0627 \u0631\u0642\u0645\u064a\u064b\u0627 \u0639\u0627\u0644\u064a \u0627\u0644\u062c\u0648\u062f\u0629 \u062c\u0627\u0647\u0632\u064b\u0627 \u0644\u0644\u0637\u0628\u0627\u0639\u0629\u060c \u0648\u0644\u0646 \u064a\u062a\u0645 \u0634\u062d\u0646 \u0623\u064a \u0645\u0646\u062a\u062c \u0645\u0644\u0645\u0648\u0633. Note: This is a digital download only. No physical item will be shipped.<\/span><\/p>","protected":false},"excerpt":{"rendered":"<p>\u0644\u0648\u062d\u0629 \u0641\u0646\u064a\u0629 \u0631\u0642\u0645\u064a\u0629 \u0639\u0627\u0644\u064a\u0629 \u0627\u0644\u062c\u0648\u062f\u0629 \u0642\u0627\u0628\u0644\u0629 \u0644\u0644\u0637\u0628\u0627\u0639\u0629 (JPG \u200e90\u00d760 cm \u2013 300 DPI High Resolution) \u062a\u064f\u062c\u0633\u0651\u062f \u0645\u0634\u0647\u062f\u064b\u0627 \u062d\u064a\u0651\u064b\u0627 \u0645\u0646 \u0633\u0648\u0642<\/p>","protected":false},"featured_media":34804,"comment_status":"open","ping_status":"closed","template":"","meta":[],"product_brand":[],"product_cat":[864],"product_tag":[],"class_list":{"0":"post-34803","1":"product","2":"type-product","3":"status-publish","4":"has-post-thumbnail","6":"product_cat-864","8":"first","9":"instock","10":"downloadable","11":"virtual","12":"purchasable","13":"product-type-simple"},"jetpack_sharing_enabled":true,"_links":{"self":[{"href":"https:\/\/fannarakwt.com\/en\/wp-json\/wp\/v2\/product\/34803","targetHints":{"allow":["GET"]}}],"collection":[{"href":"https:\/\/fannarakwt.com\/en\/wp-json\/wp\/v2\/product"}],"about":[{"href":"https:\/\/fannarakwt.com\/en\/wp-json\/wp\/v2\/types\/product"}],"replies":[{"embeddable":true,"href":"https:\/\/fannarakwt.com\/en\/wp-json\/wp\/v2\/comments?post=34803"}],"version-history":[{"count":1,"href":"https:\/\/fannarakwt.com\/en\/wp-json\/wp\/v2\/product\/34803\/revisions"}],"predecessor-version":[{"id":34806,"href":"https:\/\/fannarakwt.com\/en\/wp-json\/wp\/v2\/product\/34803\/revisions\/34806"}],"wp:featuredmedia":[{"embeddable":true,"href":"https:\/\/fannarakwt.com\/en\/wp-json\/wp\/v2\/media\/34804"}],"wp:attachment":[{"href":"https:\/\/fannarakwt.com\/en\/wp-json\/wp\/v2\/media?parent=34803"}],"wp:term":[{"taxonomy":"product_brand","embeddable":true,"href":"https:\/\/fannarakwt.com\/en\/wp-json\/wp\/v2\/product_brand?post=34803"},{"taxonomy":"product_cat","embeddable":true,"href":"https:\/\/fannarakwt.com\/en\/wp-json\/wp\/v2\/product_cat?post=34803"},{"taxonomy":"product_tag","embeddable":true,"href":"https:\/\/fannarakwt.com\/en\/wp-json\/wp\/v2\/product_tag?post=34803"}],"curies":[{"name":"wp","href":"https:\/\/api.w.org\/{rel}","templated":true}]}}