{"id":34807,"date":"2026-03-29T22:07:42","date_gmt":"2026-03-29T22:07:42","guid":{"rendered":"https:\/\/fannarakwt.com\/?post_type=product&#038;p=34807"},"modified":"2026-03-29T22:07:43","modified_gmt":"2026-03-29T22:07:43","slug":"%d8%a3%d9%81%d9%82-%d8%a7%d9%84%d8%af%d9%88%d8%ad%d8%a9-%d8%a7%d9%84%d9%86%d9%8a%d9%88%d9%86%d9%8a%d8%a9-neon-doha-future-skyline","status":"publish","type":"product","link":"https:\/\/fannarakwt.com\/en\/product\/%d8%a3%d9%81%d9%82-%d8%a7%d9%84%d8%af%d9%88%d8%ad%d8%a9-%d8%a7%d9%84%d9%86%d9%8a%d9%88%d9%86%d9%8a%d8%a9-neon-doha-future-skyline\/","title":{"rendered":"\u0623\u0641\u0642 \u0627\u0644\u062f\u0648\u062d\u0629 \u0627\u0644\u0646\u064a\u0648\u0646\u064a\u0629 \u2013 Neon Doha Future Skyline"},"content":{"rendered":"<p>\u0644\u0648\u062d\u0629 \u0641\u0646\u064a\u0629 \u0631\u0642\u0645\u064a\u0629 \u0639\u0627\u0644\u064a\u0629 \u0627\u0644\u062c\u0648\u062f\u0629 \u0642\u0627\u0628\u0644\u0629 \u0644\u0644\u0637\u0628\u0627\u0639\u0629 (JPG \u200e90\u00d760 cm \u2013 300 DPI High Resolution) \u062a\u064f\u062c\u0633\u0651\u062f \u0628\u0627\u0646\u0648\u0631\u0627\u0645\u0627 \u0627\u0644\u062f\u0648\u062d\u0629 \u0627\u0644\u062d\u062f\u064a\u062b\u0629 \u0641\u064a \u0631\u0624\u064a\u0629 \u0645\u0633\u062a\u0642\u0628\u0644\u064a\u0629 \u0646\u0627\u0628\u0636\u0629 \u0628\u0627\u0644\u0623\u0644\u0648\u0627\u0646\u060c \u0628\u0623\u0633\u0644\u0648\u0628 <span class=\"notion-enable-hover\" data-token-index=\"1\">Futuristic Digital Skyline Art<\/span> \u0645\u0633\u062a\u0648\u062d\u0649 \u0645\u0646 \u0627\u0644\u0647\u0648\u064a\u0629 \u0627\u0644\u0639\u0645\u0631\u0627\u0646\u064a\u0629 \u0627\u0644\u0642\u0637\u0631\u064a\u0629 \u0648\u0645\u0639\u0627\u062f \u062a\u0634\u0643\u064a\u0644\u0647 \u0639\u0628\u0631 \u062a\u0642\u0646\u064a\u0627\u062a <span class=\"notion-enable-hover\" data-token-index=\"3\">AI-Powered Image Composition<\/span> \u0648 <span class=\"notion-enable-hover\" data-token-index=\"5\">Advanced Neon Color Grading Enhancement<\/span> \u0644\u0625\u0646\u062a\u0627\u062c \u0639\u0645\u0644 \u064a\u062c\u0645\u0639 \u0628\u064a\u0646 \u0627\u0644\u062d\u062f\u0627\u062b\u0629 \u0627\u0644\u062c\u0631\u064a\u0626\u0629 \u0648\u0627\u0644\u0647\u0648\u064a\u0629 \u0627\u0644\u0648\u0637\u0646\u064a\u0629. \u062a\u062a\u0648\u0647\u062c \u0623\u0628\u0631\u0627\u062c \u0627\u0644\u062f\u0648\u062d\u0629 \u0628\u0623\u0644\u0648\u0627\u0646 \u0627\u0644\u0646\u064a\u0648\u0646 \u0627\u0644\u0632\u0627\u0647\u064a\u0629 \u2014 \u0627\u0644\u0648\u0631\u062f\u064a\u060c \u0627\u0644\u0641\u064a\u0631\u0648\u0632\u064a\u060c \u0648\u0627\u0644\u0628\u0646\u0641\u0633\u062c\u064a \u2014 \u0641\u064a \u062a\u0643\u0648\u064a\u0646 <span class=\"notion-enable-hover\" data-token-index=\"7\">Cyberpunk Cityscape Composition<\/span> \u064a\u0639\u0643\u0633 \u0645\u0641\u0647\u0648\u0645 <span class=\"notion-enable-hover\" data-token-index=\"9\">Doha Future Vision Urban Aesthetic<\/span>. \u064a\u0645\u062a\u062f \u0627\u0644\u0637\u0631\u064a\u0642 \u0627\u0644\u0645\u0636\u064a\u0621 \u0641\u064a \u0645\u0642\u062f\u0645\u0629 \u0627\u0644\u0645\u0634\u0647\u062f \u0628\u0623\u0633\u0644\u0648\u0628 <span class=\"notion-enable-hover\" data-token-index=\"11\">Cinematic Leading Lines Perspective<\/span> \u0644\u064a\u0642\u0648\u062f \u0627\u0644\u0639\u064a\u0646 \u0646\u062d\u0648 \u0642\u0644\u0628 \u0627\u0644\u0645\u062f\u064a\u0646\u0629\u060c \u0628\u064a\u0646\u0645\u0627 \u062a\u0646\u0639\u0643\u0633 \u0627\u0644\u0623\u0636\u0648\u0627\u0621 \u0639\u0644\u0649 \u0627\u0644\u0623\u0633\u0637\u062d \u0627\u0644\u0645\u0628\u062a\u0644\u0629 \u0636\u0645\u0646 \u062a\u0623\u062b\u064a\u0631 <span class=\"notion-enable-hover\" data-token-index=\"13\">High-Gloss Reflection Rendering<\/span> \u064a\u0645\u0646\u062d \u0627\u0644\u0644\u0648\u062d\u0629 \u0639\u0645\u0642\u064b\u0627 \u0628\u0635\u0631\u064a\u064b\u0627 \u062f\u064a\u0646\u0627\u0645\u064a\u0643\u064a\u064b\u0627. \u0627\u0644\u0639\u0645\u0644 \u064a\u062c\u0633\u062f \u062a\u0644\u0627\u0642\u064a <span class=\"notion-enable-hover\" data-token-index=\"15\">Qatar Modern Architecture Identity<\/span> \u0645\u0639 \u0631\u0648\u062d \u0627\u0644\u0627\u0628\u062a\u0643\u0627\u0631 \u0627\u0644\u0631\u0642\u0645\u064a \u0641\u064a \u0645\u0639\u0627\u0644\u062c\u0629 \u0641\u0646\u064a\u0629 \u0645\u0646 \u0641\u0626\u0629 <span class=\"notion-enable-hover\" data-token-index=\"17\">Luxury Contemporary Middle Eastern Wall Art<\/span>\u060c \u0645\u0645\u0627 \u064a\u062c\u0639\u0644\u0647 \u0642\u0637\u0639\u0629 \u0645\u062b\u0627\u0644\u064a\u0629 \u0644\u0639\u0634\u0627\u0642 <span class=\"notion-enable-hover\" data-token-index=\"19\">Futuristic Urban Decor<\/span>, <span class=\"notion-enable-hover\" data-token-index=\"21\">Modern Executive Office Art<\/span>, \u0648 <span class=\"notion-enable-hover\" data-token-index=\"23\">Premium Neon Skyline Interior Design Accent<\/span>. <span class=\"notion-enable-hover\" data-token-index=\"25\">\u062a\u0645 \u062a\u0646\u0641\u064a\u0630 \u0627\u0644\u0644\u0648\u062d\u0629 \u0628\u0623\u0633\u0644\u0648\u0628 AI-Assisted Digital Painting &amp; Conceptual Urban Visualization, \u0645\u0639 \u062f\u0645\u062c \u062a\u0642\u0646\u064a\u0627\u062a Digital Light Simulation \u0648 High-Detail Skyscraper Rendering \u0644\u0625\u0628\u0631\u0627\u0632 \u0627\u0644\u062a\u0641\u0627\u0635\u064a\u0644 \u0627\u0644\u0645\u0639\u0645\u0627\u0631\u064a\u0629 \u0628\u062f\u0642\u0629 \u0641\u0627\u0626\u0642\u0629. \u0648\u0628\u0633\u0628\u0628 \u0627\u0633\u062a\u062e\u062f\u0627\u0645 \u062a\u0642\u0646\u064a\u0627\u062a AI Image Generation &amp; Creative Enhancement Technology, \u0642\u062f \u062a\u0638\u0647\u0631 \u0644\u0645\u0633\u0627\u062a \u0641\u0646\u064a\u0629 \u0637\u0641\u064a\u0641\u0629 \u062c\u062f\u064b\u0627 \u0623\u0648 \u0627\u062e\u062a\u0644\u0627\u0641\u0627\u062a \u062f\u0642\u064a\u0642\u0629 \u0641\u064a \u0628\u0639\u0636 \u0627\u0644\u0627\u0646\u0639\u0643\u0627\u0633\u0627\u062a \u0623\u0648 \u0627\u0644\u062a\u0641\u0627\u0635\u064a\u0644 \u0627\u0644\u0636\u0648\u0626\u064a\u0629\u060c \u0648\u0647\u064a \u0646\u062a\u064a\u062c\u0629 \u0637\u0628\u064a\u0639\u064a\u0629 \u0644\u0639\u0645\u0644\u064a\u0629 Digital Creative Workflow. \u0647\u0630\u0647 \u0627\u0644\u0644\u0645\u0633\u0627\u062a \u0644\u0627 \u062a\u0624\u062b\u0631 \u0639\u0644\u0649 \u062c\u0648\u062f\u0629 \u0627\u0644\u062a\u0643\u0648\u064a\u0646 \u0623\u0648 \u0648\u0636\u0648\u062d \u0627\u0644\u0645\u0639\u0627\u0644\u0645\u060c \u0628\u0644 \u062a\u0636\u064a\u0641 \u0637\u0627\u0628\u0639\u064b\u0627 \u0623\u0642\u0631\u0628 \u0625\u0644\u0649 Handcrafted Digital Neon Brush Finish, \u0636\u0645\u0646 \u0625\u0637\u0627\u0631 \u0645\u0646 Ethical Artistic Transparency \u064a\u062d\u0627\u0641\u0638 \u0639\u0644\u0649 \u0627\u0644\u0627\u062d\u062a\u0631\u0627\u0641\u064a\u0629 \u0648\u0627\u0644\u0645\u0635\u062f\u0627\u0642\u064a\u0629.<\/span> \u0647\u0630\u0627 \u0627\u0644\u0639\u0645\u0644 \u064a\u064f\u0628\u0627\u0639 \u0643\u0645\u0644\u0641 \u0631\u0642\u0645\u064a \u0648\u0627\u062d\u062f \u0639\u0627\u0644\u064a \u0627\u0644\u062c\u0648\u062f\u0629\u060c \u0648\u064a\u0645\u0643\u0646 \u0637\u0628\u0627\u0639\u062a\u0647 \u0628\u0627\u0644\u0642\u064a\u0627\u0633\u0627\u062a \u0627\u0644\u062a\u0627\u0644\u064a\u0629: 90\u00d760 cm 70\u00d750 cm 60\u00d740 cm 45\u00d730 cm \u0628\u0627\u0644\u0625\u0636\u0627\u0641\u0629 \u0625\u0644\u0649 A1 \u2013 A4 \u0643\u0645\u0627 \u064a\u0645\u0643\u0646 \u062a\u0643\u0628\u064a\u0631\u0647 \u0625\u0644\u0649 \u0645\u0642\u0627\u0633\u0627\u062a \u0623\u0643\u0628\u0631 \u0639\u0646\u062f \u0627\u0644\u062d\u0627\u062c\u0629\u060c \u0645\u0639 \u0627\u0646\u062e\u0641\u0627\u0636 \u0637\u0641\u064a\u0641 \u062c\u062f\u064b\u0627 \u0648\u063a\u064a\u0631 \u0645\u0644\u062d\u0648\u0638 \u0641\u064a \u0627\u0644\u062c\u0648\u062f\u0629 \u0628\u0641\u0636\u0644 \u062f\u0642\u0629 <span class=\"notion-enable-hover\" data-token-index=\"27\">High-Resolution Digital Artwork<\/span> \u0627\u0644\u0645\u0646\u0627\u0633\u0628\u0629 \u0644\u0644\u0637\u0628\u0627\u0639\u0629 \u0627\u0644\u062c\u062f\u0627\u0631\u064a\u0629 \u0627\u0644\u0643\u0628\u064a\u0631\u0629. \u0645\u062b\u0627\u0644\u064a\u0629 \u0644\u062a\u0632\u064a\u064a\u0646 \u0627\u0644\u0645\u0643\u0627\u062a\u0628 \u0627\u0644\u062d\u062f\u064a\u062b\u0629\u060c \u0645\u0633\u0627\u062d\u0627\u062a \u0627\u0644\u0634\u0631\u0643\u0627\u062a \u0627\u0644\u062a\u0642\u0646\u064a\u0629\u060c \u0627\u0644\u0645\u062c\u0627\u0644\u0633 \u0627\u0644\u0639\u0635\u0631\u064a\u0629\u060c \u0635\u0627\u0644\u0627\u062a \u0627\u0644\u0639\u0631\u0636\u060c \u0648\u0627\u0644\u0645\u0633\u0627\u062d\u0627\u062a \u0627\u0644\u062a\u064a \u062a\u0628\u062d\u062b \u0639\u0646 <span class=\"notion-enable-hover\" data-token-index=\"29\">Doha Futuristic Skyline Wall Art<\/span> \u064a\u0639\u0643\u0633 \u0631\u0624\u064a\u0629 \u0642\u0637\u0631 \u0627\u0644\u0645\u0633\u062a\u0642\u0628\u0644\u064a\u0629 \u0628\u0647\u0648\u064a\u0629 \u0628\u0635\u0631\u064a\u0629 \u062c\u0631\u064a\u0626\u0629 \u0648\u0645\u0628\u0647\u0631\u0629. <span class=\"notion-enable-hover\" data-token-index=\"31\">\u062a\u0646\u0628\u064a\u0647: \u0647\u0630\u0627 \u0627\u0644\u0645\u0646\u062a\u062c \u0631\u0642\u0645\u064a \u0641\u0642\u0637. \u0633\u062a\u0633\u062a\u0644\u0645 \u0645\u0644\u0641\u064b\u0627 \u0631\u0642\u0645\u064a\u064b\u0627 \u0639\u0627\u0644\u064a \u0627\u0644\u062c\u0648\u062f\u0629 \u062c\u0627\u0647\u0632\u064b\u0627 \u0644\u0644\u0637\u0628\u0627\u0639\u0629\u060c \u0648\u0644\u0646 \u064a\u062a\u0645 \u0634\u062d\u0646 \u0623\u064a \u0645\u0646\u062a\u062c \u0645\u0644\u0645\u0648\u0633. Note: This is a digital download only. No physical item will be shipped.<\/span><\/p>","protected":false},"excerpt":{"rendered":"<p>\u0644\u0648\u062d\u0629 \u0641\u0646\u064a\u0629 \u0631\u0642\u0645\u064a\u0629 \u0639\u0627\u0644\u064a\u0629 \u0627\u0644\u062c\u0648\u062f\u0629 \u0642\u0627\u0628\u0644\u0629 \u0644\u0644\u0637\u0628\u0627\u0639\u0629 (JPG \u200e90\u00d760 cm \u2013 300 DPI High Resolution) \u062a\u064f\u062c\u0633\u0651\u062f \u0628\u0627\u0646\u0648\u0631\u0627\u0645\u0627 \u0627\u0644\u062f\u0648\u062d\u0629 \u0627\u0644\u062d\u062f\u064a\u062b\u0629 \u0641\u064a<\/p>","protected":false},"featured_media":34808,"comment_status":"open","ping_status":"closed","template":"","meta":[],"product_brand":[],"product_cat":[864],"product_tag":[],"class_list":{"0":"post-34807","1":"product","2":"type-product","3":"status-publish","4":"has-post-thumbnail","6":"product_cat-864","8":"first","9":"instock","10":"downloadable","11":"virtual","12":"purchasable","13":"product-type-simple"},"jetpack_sharing_enabled":true,"_links":{"self":[{"href":"https:\/\/fannarakwt.com\/en\/wp-json\/wp\/v2\/product\/34807","targetHints":{"allow":["GET"]}}],"collection":[{"href":"https:\/\/fannarakwt.com\/en\/wp-json\/wp\/v2\/product"}],"about":[{"href":"https:\/\/fannarakwt.com\/en\/wp-json\/wp\/v2\/types\/product"}],"replies":[{"embeddable":true,"href":"https:\/\/fannarakwt.com\/en\/wp-json\/wp\/v2\/comments?post=34807"}],"version-history":[{"count":1,"href":"https:\/\/fannarakwt.com\/en\/wp-json\/wp\/v2\/product\/34807\/revisions"}],"predecessor-version":[{"id":34810,"href":"https:\/\/fannarakwt.com\/en\/wp-json\/wp\/v2\/product\/34807\/revisions\/34810"}],"wp:featuredmedia":[{"embeddable":true,"href":"https:\/\/fannarakwt.com\/en\/wp-json\/wp\/v2\/media\/34808"}],"wp:attachment":[{"href":"https:\/\/fannarakwt.com\/en\/wp-json\/wp\/v2\/media?parent=34807"}],"wp:term":[{"taxonomy":"product_brand","embeddable":true,"href":"https:\/\/fannarakwt.com\/en\/wp-json\/wp\/v2\/product_brand?post=34807"},{"taxonomy":"product_cat","embeddable":true,"href":"https:\/\/fannarakwt.com\/en\/wp-json\/wp\/v2\/product_cat?post=34807"},{"taxonomy":"product_tag","embeddable":true,"href":"https:\/\/fannarakwt.com\/en\/wp-json\/wp\/v2\/product_tag?post=34807"}],"curies":[{"name":"wp","href":"https:\/\/api.w.org\/{rel}","templated":true}]}}